{"id":3991,"date":"2021-12-23T10:18:12","date_gmt":"2021-12-23T03:18:12","guid":{"rendered":"https:\/\/vinavetco.com\/about-us"},"modified":"2021-12-23T10:18:12","modified_gmt":"2021-12-23T03:18:12","slug":"about-us","status":"publish","type":"page","link":"https:\/\/vinavetco.com\/en\/about-us","title":{"rendered":"About Us"},"content":{"rendered":"","protected":false},"excerpt":{"rendered":"","protected":false},"author":1,"featured_media":0,"parent":0,"menu_order":0,"comment_status":"closed","ping_status":"closed","template":"templates\/page-introduce.php","meta":{"footnotes":""},"class_list":["post-3991","page","type-page","status-publish","hentry"],"acf":[],"yoast_head":"<!-- This site is optimized with the Yoast SEO plugin v23.1 - https:\/\/yoast.com\/wordpress\/plugins\/seo\/ -->\n<title>About Us - Vinavetco<\/title>\n<meta name=\"description\" content=\"C\u00f4ng Ty C\u1ed5 Ph\u1ea7n Thu\u1ed1c Th\u00fa Y Trung \u01af\u01a1ng I (VINAVETCO) l\u00e0 c\u00f4ng ty chuy\u00ean s\u1ea3n xu\u1ea5t v\u00e0 kinh doanh thu\u1ed1c th\u00fa y, thu\u1ed1c th\u00fa y th\u1ee7y s\u1ea3n l\u00e2u \u0111\u1eddi nh\u1ea5t t\u1ea1i Vi\u1ec7t Nam.\" \/>\n<meta name=\"robots\" content=\"index, follow, max-snippet:-1, max-image-preview:large, max-video-preview:-1\" \/>\n<link rel=\"canonical\" href=\"https:\/\/vinavetco.com\/en\/about-us\" \/>\n<meta property=\"og:locale\" content=\"en_US\" \/>\n<meta property=\"og:type\" content=\"article\" \/>\n<meta property=\"og:title\" content=\"About Us - Vinavetco\" \/>\n<meta property=\"og:description\" content=\"C\u00f4ng Ty C\u1ed5 Ph\u1ea7n Thu\u1ed1c Th\u00fa Y Trung \u01af\u01a1ng I (VINAVETCO) l\u00e0 c\u00f4ng ty chuy\u00ean s\u1ea3n xu\u1ea5t v\u00e0 kinh doanh thu\u1ed1c th\u00fa y, thu\u1ed1c th\u00fa y th\u1ee7y s\u1ea3n l\u00e2u \u0111\u1eddi nh\u1ea5t t\u1ea1i Vi\u1ec7t Nam.\" \/>\n<meta property=\"og:url\" content=\"https:\/\/vinavetco.com\/en\/about-us\" \/>\n<meta property=\"og:site_name\" content=\"Vinavetco\" \/>\n<meta property=\"og:image\" content=\"https:\/\/vinavetco.com\/wp-content\/uploads\/2024\/08\/Anh-share-link.jpg\" \/>\n\t<meta property=\"og:image:width\" content=\"1200\" \/>\n\t<meta property=\"og:image:height\" content=\"675\" \/>\n\t<meta property=\"og:image:type\" content=\"image\/jpeg\" \/>\n<meta name=\"twitter:card\" content=\"summary_large_image\" \/>\n<script type=\"application\/ld+json\" class=\"yoast-schema-graph\">{\"@context\":\"https:\/\/schema.org\",\"@graph\":[{\"@type\":\"WebPage\",\"@id\":\"https:\/\/vinavetco.com\/en\/about-us\",\"url\":\"https:\/\/vinavetco.com\/en\/about-us\",\"name\":\"About Us - Vinavetco\",\"isPartOf\":{\"@id\":\"https:\/\/vinavetco.com\/en#website\"},\"datePublished\":\"2021-12-23T03:18:12+00:00\",\"dateModified\":\"2021-12-23T03:18:12+00:00\",\"description\":\"C\u00f4ng Ty C\u1ed5 Ph\u1ea7n Thu\u1ed1c Th\u00fa Y Trung \u01af\u01a1ng I (VINAVETCO) l\u00e0 c\u00f4ng ty chuy\u00ean s\u1ea3n xu\u1ea5t v\u00e0 kinh doanh thu\u1ed1c th\u00fa y, thu\u1ed1c th\u00fa y th\u1ee7y s\u1ea3n l\u00e2u \u0111\u1eddi nh\u1ea5t t\u1ea1i Vi\u1ec7t Nam.\",\"breadcrumb\":{\"@id\":\"https:\/\/vinavetco.com\/en\/about-us#breadcrumb\"},\"inLanguage\":\"en-US\",\"potentialAction\":[{\"@type\":\"ReadAction\",\"target\":[\"https:\/\/vinavetco.com\/en\/about-us\"]}]},{\"@type\":\"BreadcrumbList\",\"@id\":\"https:\/\/vinavetco.com\/en\/about-us#breadcrumb\",\"itemListElement\":[{\"@type\":\"ListItem\",\"position\":1,\"name\":\"Home\",\"item\":\"https:\/\/vinavetco.com\/en\"},{\"@type\":\"ListItem\",\"position\":2,\"name\":\"About Us\"}]},{\"@type\":\"WebSite\",\"@id\":\"https:\/\/vinavetco.com\/en#website\",\"url\":\"https:\/\/vinavetco.com\/en\",\"name\":\"Vinavetco\",\"description\":\"C\u00f4ng ty c\u1ed5 ph\u1ea7n thu\u1ed1c th\u00fa y Trung \u01b0\u01a1ng I\",\"potentialAction\":[{\"@type\":\"SearchAction\",\"target\":{\"@type\":\"EntryPoint\",\"urlTemplate\":\"https:\/\/vinavetco.com\/en?s={search_term_string}\"},\"query-input\":\"required name=search_term_string\"}],\"inLanguage\":\"en-US\"}]}<\/script>\n<!-- \/ Yoast SEO plugin. -->","yoast_head_json":{"title":"About Us - Vinavetco","description":"C\u00f4ng Ty C\u1ed5 Ph\u1ea7n Thu\u1ed1c Th\u00fa Y Trung \u01af\u01a1ng I (VINAVETCO) l\u00e0 c\u00f4ng ty chuy\u00ean s\u1ea3n xu\u1ea5t v\u00e0 kinh doanh thu\u1ed1c th\u00fa y, thu\u1ed1c th\u00fa y th\u1ee7y s\u1ea3n l\u00e2u \u0111\u1eddi nh\u1ea5t t\u1ea1i Vi\u1ec7t Nam.","robots":{"index":"index","follow":"follow","max-snippet":"max-snippet:-1","max-image-preview":"max-image-preview:large","max-video-preview":"max-video-preview:-1"},"canonical":"https:\/\/vinavetco.com\/en\/about-us","og_locale":"en_US","og_type":"article","og_title":"About Us - Vinavetco","og_description":"C\u00f4ng Ty C\u1ed5 Ph\u1ea7n Thu\u1ed1c Th\u00fa Y Trung \u01af\u01a1ng I (VINAVETCO) l\u00e0 c\u00f4ng ty chuy\u00ean s\u1ea3n xu\u1ea5t v\u00e0 kinh doanh thu\u1ed1c th\u00fa y, thu\u1ed1c th\u00fa y th\u1ee7y s\u1ea3n l\u00e2u \u0111\u1eddi nh\u1ea5t t\u1ea1i Vi\u1ec7t Nam.","og_url":"https:\/\/vinavetco.com\/en\/about-us","og_site_name":"Vinavetco","og_image":[{"width":1200,"height":675,"url":"https:\/\/vinavetco.com\/wp-content\/uploads\/2024\/08\/Anh-share-link.jpg","type":"image\/jpeg"}],"twitter_card":"summary_large_image","schema":{"@context":"https:\/\/schema.org","@graph":[{"@type":"WebPage","@id":"https:\/\/vinavetco.com\/en\/about-us","url":"https:\/\/vinavetco.com\/en\/about-us","name":"About Us - Vinavetco","isPartOf":{"@id":"https:\/\/vinavetco.com\/en#website"},"datePublished":"2021-12-23T03:18:12+00:00","dateModified":"2021-12-23T03:18:12+00:00","description":"C\u00f4ng Ty C\u1ed5 Ph\u1ea7n Thu\u1ed1c Th\u00fa Y Trung \u01af\u01a1ng I (VINAVETCO) l\u00e0 c\u00f4ng ty chuy\u00ean s\u1ea3n xu\u1ea5t v\u00e0 kinh doanh thu\u1ed1c th\u00fa y, thu\u1ed1c th\u00fa y th\u1ee7y s\u1ea3n l\u00e2u \u0111\u1eddi nh\u1ea5t t\u1ea1i Vi\u1ec7t Nam.","breadcrumb":{"@id":"https:\/\/vinavetco.com\/en\/about-us#breadcrumb"},"inLanguage":"en-US","potentialAction":[{"@type":"ReadAction","target":["https:\/\/vinavetco.com\/en\/about-us"]}]},{"@type":"BreadcrumbList","@id":"https:\/\/vinavetco.com\/en\/about-us#breadcrumb","itemListElement":[{"@type":"ListItem","position":1,"name":"Home","item":"https:\/\/vinavetco.com\/en"},{"@type":"ListItem","position":2,"name":"About Us"}]},{"@type":"WebSite","@id":"https:\/\/vinavetco.com\/en#website","url":"https:\/\/vinavetco.com\/en","name":"Vinavetco","description":"C\u00f4ng ty c\u1ed5 ph\u1ea7n thu\u1ed1c th\u00fa y Trung \u01b0\u01a1ng I","potentialAction":[{"@type":"SearchAction","target":{"@type":"EntryPoint","urlTemplate":"https:\/\/vinavetco.com\/en?s={search_term_string}"},"query-input":"required name=search_term_string"}],"inLanguage":"en-US"}]}},"_links":{"self":[{"href":"https:\/\/vinavetco.com\/en\/wp-json\/wp\/v2\/pages\/3991","targetHints":{"allow":["GET"]}}],"collection":[{"href":"https:\/\/vinavetco.com\/en\/wp-json\/wp\/v2\/pages"}],"about":[{"href":"https:\/\/vinavetco.com\/en\/wp-json\/wp\/v2\/types\/page"}],"author":[{"embeddable":true,"href":"https:\/\/vinavetco.com\/en\/wp-json\/wp\/v2\/users\/1"}],"replies":[{"embeddable":true,"href":"https:\/\/vinavetco.com\/en\/wp-json\/wp\/v2\/comments?post=3991"}],"version-history":[{"count":0,"href":"https:\/\/vinavetco.com\/en\/wp-json\/wp\/v2\/pages\/3991\/revisions"}],"wp:attachment":[{"href":"https:\/\/vinavetco.com\/en\/wp-json\/wp\/v2\/media?parent=3991"}],"curies":[{"name":"wp","href":"https:\/\/api.w.org\/{rel}","templated":true}]}}